{"id":2,"date":"2016-03-30T18:47:21","date_gmt":"2016-03-30T16:47:21","guid":{"rendered":"http:\/\/www.openroads.ch\/?page_id=2"},"modified":"2025-11-17T16:35:19","modified_gmt":"2025-11-17T15:35:19","slug":"beispiel-seite","status":"publish","type":"page","link":"https:\/\/www.openroads.ch\/","title":{"rendered":"Band"},"content":{"rendered":"\n<p><\/p>\n\n\n\n<div class=\"wp-block-group\"><div class=\"wp-block-group__inner-container is-layout-constrained wp-block-group-is-layout-constrained\">\n<figure class=\"wp-block-image size-full\"><a href=\"https:\/\/www.openroads.ch\/wp-content\/uploads\/2025\/01\/UNADJUSTEDNONRAW_thumb_e69.jpeg\"><img loading=\"lazy\" decoding=\"async\" width=\"1024\" height=\"768\" src=\"https:\/\/www.openroads.ch\/wp-content\/uploads\/2025\/01\/UNADJUSTEDNONRAW_thumb_e69.jpeg\" alt=\"\" class=\"wp-image-363\" srcset=\"https:\/\/www.openroads.ch\/wp-content\/uploads\/2025\/01\/UNADJUSTEDNONRAW_thumb_e69.jpeg 1024w, https:\/\/www.openroads.ch\/wp-content\/uploads\/2025\/01\/UNADJUSTEDNONRAW_thumb_e69-300x225.jpeg 300w, https:\/\/www.openroads.ch\/wp-content\/uploads\/2025\/01\/UNADJUSTEDNONRAW_thumb_e69-768x576.jpeg 768w\" sizes=\"auto, (max-width: 706px) 89vw, (max-width: 767px) 82vw, 740px\" \/><\/a><\/figure>\n\n\n\n<p><\/p>\n\n\n\n<p>Wir sind eine Blues Rock Band mit einem grossen Repertoire, welches sich je nach Anlass anpassen l\u00e4sst: Mal rockiger mal bluesiger. Eigenkompositionen wechseln sich mit eigenen Interpretationen von bekannten und weniger bekannten Songs ab. Mit dem Einsatz von Saxophon und Querfl\u00f6te unterscheiden wir uns markant von anderen Bands. Zudem bringt unsere texanische S\u00e4ngerin den Texas Blues direkt von der Quelle auf die B\u00fchne. Wir spielen 100% analog mit R\u00f6hrenverst\u00e4rkern und einem grossen Aufwand f\u00fcr einen grossartigen Sound. Viel B\u00fchnenerfahrung gepaart mit vielen Emotionen lassen unsere Konzerte zum Erfolg werden.<\/p>\n\n\n\n<figure class=\"wp-block-gallery has-nested-images columns-default is-cropped wp-block-gallery-1 is-layout-flex wp-block-gallery-is-layout-flex\">\n<figure class=\"wp-block-image size-large\"><a href=\"https:\/\/www.openroads.ch\/wp-content\/uploads\/2025\/03\/IMG_0035-1.jpeg\"><img loading=\"lazy\" decoding=\"async\" width=\"320\" height=\"240\" data-id=\"392\" src=\"https:\/\/www.openroads.ch\/wp-content\/uploads\/2025\/03\/IMG_0035-1.jpeg\" alt=\"\" class=\"wp-image-392\" srcset=\"https:\/\/www.openroads.ch\/wp-content\/uploads\/2025\/03\/IMG_0035-1.jpeg 320w, https:\/\/www.openroads.ch\/wp-content\/uploads\/2025\/03\/IMG_0035-1-300x225.jpeg 300w\" sizes=\"auto, (max-width: 320px) 100vw, 320px\" \/><\/a><\/figure>\n<\/figure>\n\n\n\n<p><br>GIG&#8217;s findet Ihr unter <a href=\"https:\/\/www.openroads.ch\/?page_id=39\">&#8222;Auftritte&#8220;<\/a>!<\/p>\n\n\n\n<p>Die Bandmitglieder von OPENROADS haben einen internationalen Hintergrund und stammen aus den USA, Italien und der Schweiz: Barbara Leonard (Gesang), Andy Binkert (Saxophon, Keyboards, Fl\u00f6te), Philippe Mueller (Gitarre), Andrea Mondini (Gitarre), Tom Henle (Schlagzeug).  Ab  2025 werden Openroads neu wie fr\u00fcher auch schon lange Jahre von Lucas Behm (Deutschland) verst\u00e4rkt.<\/p>\n\n\n\n<p>.<\/p>\n\n\n\n<p><\/p>\n<\/div><\/div>\n","protected":false},"excerpt":{"rendered":"<p>Wir sind eine Blues Rock Band mit einem grossen Repertoire, welches sich je nach Anlass anpassen l\u00e4sst: Mal rockiger mal bluesiger. Eigenkompositionen wechseln sich mit eigenen Interpretationen von bekannten und weniger bekannten Songs ab. Mit dem Einsatz von Saxophon und Querfl\u00f6te unterscheiden wir uns markant von anderen Bands. Zudem bringt unsere texanische S\u00e4ngerin den Texas &hellip; <\/p>\n<p class=\"link-more\"><a href=\"https:\/\/www.openroads.ch\/\" class=\"more-link\"><span class=\"screen-reader-text\">\u201eBand\u201c <\/span>weiterlesen<\/a><\/p>\n","protected":false},"author":1,"featured_media":0,"parent":0,"menu_order":0,"comment_status":"closed","ping_status":"open","template":"","meta":{"footnotes":""},"class_list":["post-2","page","type-page","status-publish","hentry"],"_links":{"self":[{"href":"https:\/\/www.openroads.ch\/index.php?rest_route=\/wp\/v2\/pages\/2","targetHints":{"allow":["GET"]}}],"collection":[{"href":"https:\/\/www.openroads.ch\/index.php?rest_route=\/wp\/v2\/pages"}],"about":[{"href":"https:\/\/www.openroads.ch\/index.php?rest_route=\/wp\/v2\/types\/page"}],"author":[{"embeddable":true,"href":"https:\/\/www.openroads.ch\/index.php?rest_route=\/wp\/v2\/users\/1"}],"replies":[{"embeddable":true,"href":"https:\/\/www.openroads.ch\/index.php?rest_route=%2Fwp%2Fv2%2Fcomments&post=2"}],"version-history":[{"count":34,"href":"https:\/\/www.openroads.ch\/index.php?rest_route=\/wp\/v2\/pages\/2\/revisions"}],"predecessor-version":[{"id":481,"href":"https:\/\/www.openroads.ch\/index.php?rest_route=\/wp\/v2\/pages\/2\/revisions\/481"}],"wp:attachment":[{"href":"https:\/\/www.openroads.ch\/index.php?rest_route=%2Fwp%2Fv2%2Fmedia&parent=2"}],"curies":[{"name":"wp","href":"https:\/\/api.w.org\/{rel}","templated":true}]}}